{"id":5216,"date":"2025-02-13T05:40:18","date_gmt":"2025-02-13T05:40:18","guid":{"rendered":"https:\/\/viedevan.com\/?page_id=5216"},"modified":"2026-05-10T11:40:21","modified_gmt":"2026-05-10T11:40:21","slug":"contact-us","status":"publish","type":"page","link":"https:\/\/viedevan.com\/vi\/contact-us\/","title":{"rendered":"Contact Us"},"content":{"rendered":"<div data-elementor-type=\"wp-page\" data-elementor-id=\"5216\" class=\"elementor elementor-5216\" data-elementor-post-type=\"page\">\n\t\t\t\t<div class=\"elementor-element elementor-element-ab4a129 e-flex e-con-boxed wpr-particle-no wpr-jarallax-no wpr-parallax-no wpr-sticky-section-no wpr-column-slider-no wpr-equal-height-no e-con e-parent\" data-id=\"ab4a129\" data-element_type=\"container\" data-e-type=\"container\">\n\t\t\t\t\t<div class=\"e-con-inner\">\n\t\t\t\t<div class=\"elementor-element elementor-element-e26cd30 elementor-widget elementor-widget-html\" data-id=\"e26cd30\" data-element_type=\"widget\" data-e-type=\"widget\" data-widget_type=\"html.default\">\n\t\t\t\t<div class=\"elementor-widget-container\">\n\t\t\t\t\t<div class=\"viedevan-contact-v3\">\r\n\r\n  <div class=\"lc3-shell\">\r\n    \r\n    <div class=\"lc3-head\">\r\n      <a href=\"https:\/\/viedevan.com\/vi\/\" class=\"lc3-logo\" aria-label=\"VIE DE VAN Home\">\r\n        <img decoding=\"async\"\r\n          src=\"https:\/\/viedevan.com\/wp-content\/uploads\/2026\/04\/LOGOBlack.png\"\r\n          alt=\"VIE DE VAN\"\r\n          loading=\"lazy\"\r\n        >\r\n      <\/a>\r\n\r\n      <h1 class=\"lc3-title\">Li\u00ean h\u1ec7<\/h1>\r\n\r\n      <p class=\"lc3-intro\">\r\n        For private appointments, in-store shopping, client care, and general inquiries,\r\n        our team is available to assist you with clarity and attention to detail.\r\n      <\/p>\r\n    <\/div>\r\n\r\n    <div class=\"lc3-grid\">\r\n      \r\n      <!-- LEFT -->\r\n      <div class=\"lc3-info\">\r\n\r\n        <section class=\"lc3-section\">\r\n          <h3>Language<\/h3>\r\n          <p>\r\n            English v\u00e0 Ti\u1ebfng Vi\u1ec7t\r\n          <\/p>\r\n        <\/section>\r\n\r\n        <section class=\"lc3-section\">\r\n          <h3>Availability<\/h3>\r\n          <p>\r\n            \u0110ang m\u1edf c\u1eeda\r\n          <\/p>\r\n        <\/section>\r\n\r\n        <section class=\"lc3-section\">\r\n          <h3>\u0110\u1ecba ch\u1ec9<\/h3>\r\n          <p>\r\n            286 L\u00ea V\u0103n S\u1ef9, Ph\u01b0\u1eddng 1, T\u00e2n B\u00ecnh<br>\r\n            Ho Chi Minh City, Vietnam, 72107\r\n          <\/p>\r\n        <\/section>\r\n\r\n        <section class=\"lc3-section\">\r\n          <h3>Website<\/h3>\r\n          <p>\r\n            <a href=\"https:\/\/viedevan.com\/vi\/\" class=\"lc3-link\" target=\"_blank\" rel=\"noopener\">\r\n              viedevan.com\r\n            <\/a>\r\n          <\/p>\r\n        <\/section>\r\n\r\n        <section class=\"lc3-section\">\r\n          <h3>Service<\/h3>\r\n          <p>\r\n            Chuy\u00ean m\u00f4n<br>\r\n            <strong>In-store shopping<\/strong>\r\n          <\/p>\r\n        <\/section>\r\n\r\n        <section class=\"lc3-section\">\r\n          <h3>Instagram<\/h3>\r\n          <p>\r\n            <a href=\"https:\/\/www.instagram.com\/viedevan.thelabel\/\" class=\"lc3-link\" target=\"_blank\" rel=\"noopener\">\r\n              viedevan.thelabel\r\n            <\/a>\r\n          <\/p>\r\n        <\/section>\r\n\r\n        <section class=\"lc3-section\">\r\n          <h3>Phone<\/h3>\r\n          <p>\r\n            <a href=\"tel:0988485962\" class=\"lc3-link\">098 848 59 62<\/a>\r\n          <\/p>\r\n        <\/section>\r\n\r\n        <section class=\"lc3-section\">\r\n          <h3>Email<\/h3>\r\n          <p>\r\n            <a href=\"mailto:outsourcecreative.co@gmail.com\" class=\"lc3-link\">\r\n              outsourcecreative.co@gmail.com\r\n            <\/a>\r\n          <\/p>\r\n        <\/section>\r\n\r\n        <section class=\"lc3-section\">\r\n          <h3>Messenger<\/h3>\r\n          <p>\r\n            ViedeVan Thelabel\r\n          <\/p>\r\n        <\/section>\r\n\r\n      <\/div>\r\n\r\n      <!-- RIGHT -->\r\n      <div class=\"lc3-map-wrap\">\r\n        <div class=\"lc3-map-card\">\r\n          <iframe\r\n            class=\"lc3-map\"\r\n            src=\"https:\/\/www.google.com\/maps?q=286%20L%C3%AA%20V%C4%83n%20S%E1%BB%B9%2C%20Ph%C6%B0%E1%BB%9Dng%201%2C%20T%C3%A2n%20B%C3%ACnh%2C%20Ho%20Chi%20Minh%20City%2C%20Vietnam%2072107&z=16&output=embed\"\r\n            loading=\"lazy\"\r\n            referrerpolicy=\"no-referrer-when-downgrade\"\r\n            allowfullscreen>\r\n          <\/iframe>\r\n        <\/div>\r\n      <\/div>\r\n\r\n    <\/div>\r\n\r\n  <\/div>\r\n\r\n  <a href=\"mailto:outsourcecreative.co@gmail.com\" class=\"lc3-float-btn\" aria-label=\"Contact VIE DE VAN\">\r\n    Contact Us\r\n  <\/a>\r\n\r\n<\/div>\r\n\r\n<style>\r\n.viedevan-contact-v3{\r\n  background:transparent;\r\n  color:#111;\r\n  position:relative;\r\n}\r\n\r\n.viedevan-contact-v3 *{\r\n  box-sizing:border-box;\r\n}\r\n\r\n.lc3-shell{\r\n  max-width:1180px;\r\n  margin:0 auto;\r\n  padding:120px 28px 130px;\r\n}\r\n\r\n\/* head *\/\r\n.lc3-head{\r\n  margin-bottom:68px;\r\n}\r\n\r\n.lc3-logo{\r\n  display:inline-flex;\r\n  align-items:center;\r\n  width:auto;\r\n  max-width:150px;\r\n  margin-bottom:34px;\r\n  text-decoration:none;\r\n}\r\n\r\n.lc3-logo img{\r\n  display:block;\r\n  width:138px;\r\n  height:auto;\r\n  object-fit:contain;\r\n}\r\n\r\n.lc3-title{\r\n  margin:0;\r\n  font-size:42px;\r\n  line-height:1.08;\r\n  font-weight:500;\r\n  letter-spacing:.04em;\r\n  color:#111;\r\n}\r\n\r\n.lc3-intro{\r\n  margin:22px 0 0;\r\n  max-width:620px;\r\n  font-size:15px;\r\n  line-height:2;\r\n  color:#5f5f5f;\r\n  letter-spacing:.01em;\r\n}\r\n\r\n\/* grid *\/\r\n.lc3-grid{\r\n  display:grid;\r\n  grid-template-columns:minmax(320px, 430px) minmax(0, 1fr);\r\n  gap:64px;\r\n  align-items:center;\r\n}\r\n\r\n\/* left *\/\r\n.lc3-info{\r\n  border-top:1px solid rgba(17,17,17,.08);\r\n}\r\n\r\n.lc3-section{\r\n  padding:28px 0 30px;\r\n  border-bottom:1px solid rgba(17,17,17,.06);\r\n}\r\n\r\n.lc3-section:last-child{\r\n  margin-bottom:0;\r\n}\r\n\r\n.lc3-section h3{\r\n  margin:0 0 14px;\r\n  font-size:11px;\r\n  line-height:1.5;\r\n  font-weight:500;\r\n  letter-spacing:.24em;\r\n  text-transform:uppercase;\r\n  color:#111;\r\n}\r\n\r\n.lc3-section p{\r\n  margin:0;\r\n  font-size:14px;\r\n  line-height:2;\r\n  color:#5f5f5f;\r\n  letter-spacing:.01em;\r\n}\r\n\r\n.lc3-section strong{\r\n  font-weight:500;\r\n  color:#111;\r\n}\r\n\r\n\/* map *\/\r\n.lc3-map-wrap{\r\n  width:100%;\r\n}\r\n\r\n.lc3-map-card{\r\n  overflow:hidden;\r\n  border-radius:0;\r\n  border:1px solid rgba(17,17,17,.07);\r\n  background:transparent;\r\n  box-shadow:none;\r\n}\r\n\r\n.lc3-map{\r\n  width:100%;\r\n  height:520px;\r\n  border:0;\r\n  display:block;\r\n  filter:none;\r\n}\r\n\r\n\/* links *\/\r\n.lc3-link{\r\n  color:#111;\r\n  text-decoration:none;\r\n  position:relative;\r\n}\r\n\r\n.lc3-link::after{\r\n  content:'';\r\n  position:absolute;\r\n  left:0;\r\n  bottom:-2px;\r\n  width:0;\r\n  height:1px;\r\n  background:#111;\r\n  transition:width .32s ease;\r\n}\r\n\r\n.lc3-link:hover::after{\r\n  width:100%;\r\n}\r\n\r\n\/* floating button *\/\r\n.lc3-float-btn{\r\n  position:fixed;\r\n  right:24px;\r\n  bottom:24px;\r\n  z-index:99;\r\n  display:inline-flex;\r\n  align-items:center;\r\n  justify-content:center;\r\n  min-width:148px;\r\n  height:46px;\r\n  padding:0 20px;\r\n  border:1px solid rgba(17,17,17,.18);\r\n  border-radius:0;\r\n  background:#111;\r\n  color:#fff;\r\n  text-decoration:none;\r\n  font-size:12px;\r\n  letter-spacing:.16em;\r\n  text-transform:uppercase;\r\n  font-weight:500;\r\n  box-shadow:0 12px 30px rgba(0,0,0,.10);\r\n  transition:\r\n    transform .25s ease,\r\n    background .25s ease,\r\n    color .25s ease,\r\n    border-color .25s ease;\r\n}\r\n\r\n.lc3-float-btn:hover{\r\n  transform:translateY(-2px);\r\n  background:transparent;\r\n  color:#111;\r\n  border-color:rgba(17,17,17,.42);\r\n}\r\n\r\n\/* tablet *\/\r\n@media (max-width: 1024px){\r\n  .lc3-grid{\r\n    grid-template-columns:1fr;\r\n    gap:34px;\r\n    align-items:start;\r\n  }\r\n\r\n  .lc3-map{\r\n    height:420px;\r\n  }\r\n}\r\n\r\n\/* mobile *\/\r\n@media (max-width: 767px){\r\n  .lc3-shell{\r\n    padding:72px 18px 88px;\r\n  }\r\n\r\n  .lc3-head{\r\n    margin-bottom:54px;\r\n  }\r\n\r\n  .lc3-logo{\r\n    max-width:126px;\r\n    margin-bottom:24px;\r\n  }\r\n\r\n  .lc3-logo img{\r\n    width:118px;\r\n  }\r\n\r\n  .lc3-title{\r\n    font-size:28px;\r\n    line-height:1.12;\r\n  }\r\n\r\n  .lc3-intro{\r\n    margin-top:16px;\r\n    font-size:14px;\r\n    line-height:1.9;\r\n  }\r\n\r\n  .lc3-section{\r\n    padding:22px 0 24px;\r\n  }\r\n\r\n  .lc3-section h3{\r\n    font-size:10.5px;\r\n    letter-spacing:.18em;\r\n    margin-bottom:10px;\r\n  }\r\n\r\n  .lc3-section p{\r\n    font-size:13.5px;\r\n    line-height:1.9;\r\n  }\r\n\r\n  .lc3-map-card{\r\n    border-radius:0;\r\n  }\r\n\r\n  .lc3-map{\r\n    height:320px;\r\n  }\r\n\r\n  .lc3-float-btn{\r\n    right:16px;\r\n    bottom:16px;\r\n    min-width:126px;\r\n    height:42px;\r\n    padding:0 16px;\r\n    font-size:11px;\r\n  }\r\n}\r\n<\/style>\t\t\t\t<\/div>\n\t\t\t\t<\/div>\n\t\t\t\t\t<\/div>\n\t\t\t\t<\/div>\n\t\t\t\t<\/div>","protected":false},"excerpt":{"rendered":"<p>Contact For private appointments, in-store shopping, client care, and general inquiries, our team is available to assist you with clarity and attention to detail. Language English v\u00e0 Ti\u1ebfng Vi\u1ec7t Availability \u0110ang m\u1edf c\u1eeda Address 286 L\u00ea V\u0103n S\u1ef9, Ph\u01b0\u1eddng 1, T\u00e2n B\u00ecnh Ho Chi Minh City, Vietnam, 72107 Website viedevan.com Service Chuy\u00ean m\u00f4n In-store shopping Instagram viedevan.thelabel Phone 098 848 59 62 Email outsourcecreative.co@gmail.com Messenger ViedeVan Thelabel Contact Us<\/p>","protected":false},"author":1,"featured_media":0,"parent":0,"menu_order":0,"comment_status":"closed","ping_status":"closed","template":"elementor_canvas","meta":{"footnotes":""},"class_list":["post-5216","page","type-page","status-publish","hentry"],"_links":{"self":[{"href":"https:\/\/viedevan.com\/vi\/wp-json\/wp\/v2\/pages\/5216","targetHints":{"allow":["GET"]}}],"collection":[{"href":"https:\/\/viedevan.com\/vi\/wp-json\/wp\/v2\/pages"}],"about":[{"href":"https:\/\/viedevan.com\/vi\/wp-json\/wp\/v2\/types\/page"}],"author":[{"embeddable":true,"href":"https:\/\/viedevan.com\/vi\/wp-json\/wp\/v2\/users\/1"}],"replies":[{"embeddable":true,"href":"https:\/\/viedevan.com\/vi\/wp-json\/wp\/v2\/comments?post=5216"}],"version-history":[{"count":43,"href":"https:\/\/viedevan.com\/vi\/wp-json\/wp\/v2\/pages\/5216\/revisions"}],"predecessor-version":[{"id":26843,"href":"https:\/\/viedevan.com\/vi\/wp-json\/wp\/v2\/pages\/5216\/revisions\/26843"}],"wp:attachment":[{"href":"https:\/\/viedevan.com\/vi\/wp-json\/wp\/v2\/media?parent=5216"}],"curies":[{"name":"wp","href":"https:\/\/api.w.org\/{rel}","templated":true}]}}